{"id":120768,"date":"2025-11-20T05:22:43","date_gmt":"2025-11-20T05:22:43","guid":{"rendered":"https:\/\/cougartron.wlwfuture.guru\/fr\/?post_type=product&#038;p=120768"},"modified":"2025-12-26T10:26:00","modified_gmt":"2025-12-26T10:26:00","slug":"fury-100-machine-de-nettoyag-2","status":"publish","type":"product","link":"https:\/\/cougartron.com\/fr\/produit\/fury-100-machine-de-nettoyag-2\/","title":{"rendered":"FURY 100 &#8211; Machine de Nettoyage de Soudure Cougartron"},"content":{"rendered":"<p><strong>Cougartron FURY100<\/strong> est notre <strong>nouvel ajout<\/strong> \u00e0 la gamme de machines de nettoyage de soudure FURY &#8211; <strong>\u00e9quip\u00e9 d&#8217;une puissance de 100 amp\u00e8res<\/strong> con\u00e7ue pour \u00e9liminer les formes les plus s\u00e9v\u00e8res <strong>d&#8217;oxydation apr\u00e8s le soudage TIG et MIG.<\/strong><\/p>\n<p>Le FURY 100 convient pour:<\/p>\n<ul>\n<li><strong>Nettoyage quotidien et approfondi des soudures TIG<\/strong><\/li>\n<li><strong>Nettoyage des soudures MIG<\/strong> (jusqu&#8217;\u00e0 10 mm)<\/li>\n<li><strong>Marquage et gravure<\/strong> &#8211; Disponible avec le kit de base de marquage Cougartron<\/li>\n<li><strong>Polissage \u00e9lectrolytique<\/strong> &#8211; Occasion fantastique de commencer \u00e0 polir vos pi\u00e8ces et composants en interne!<\/li>\n<\/ul>\n<p>La version <strong>d&#8217;entr\u00e9e d&#8217;alimentation 110V<\/strong> le rend <strong>tr\u00e8s portable<\/strong> et utile dans les endroits o\u00f9 une entr\u00e9e de courant plus forte n&#8217;est pas disponible. Malgr\u00e9 la tension d&#8217;entr\u00e9e inf\u00e9rieure, la machine est toujours capable de <strong>nettoyer les soudures MIG claires et sombres<\/strong>, ce qui en fait <strong>une solution de nettoyage des soudures unique<\/strong> sur le march\u00e9.<\/p>\n<p>Le FURY 100 a toutes les m\u00eames caract\u00e9ristiques que le FURY 200, mais avec une puissance de sortie de 100 amp\u00e8res. (FURY 200 a une sortie de 200 amp\u00e8res)<\/p>\n<ul>\n<li><strong>bo\u00eetier robuste et \u00e9tanche<\/strong><\/li>\n<li><strong>roues increvables<\/strong><\/li>\n<li><strong>poign\u00e9e amovible avec porte-c\u00e2bles et plateau \u00e9gouttoir pour une brosse de nettoyage des soudures<\/strong><\/li>\n<li><strong>c\u00e2bles robustes avec connecteurs Dinse<\/strong><\/li>\n<li><strong>panneau de commande r\u00e9sistant aux acides<\/strong><\/li>\n<\/ul>\n<p>Le FURY 100 d\u00e9livre <strong>deux fois la puissance de fonctionnement <\/strong>de notre machine ProPlus, ce qui en fait une excellente solution transitoire pour les applications <strong>o\u00f9 50 amp\u00e8res ne suffisent pas pour un nettoyage et une passivation efficaces<\/strong> &#8211; et <strong>o\u00f9 la pleine puissance du mod\u00e8le 200 amp\u00e8res n&#8217;est pas requise.<\/strong><\/p>\n<p><strong>Remarque:<\/strong> FURY 100 est mieux utilis\u00e9 en combinaison avec <strong>deux brosses de nettoyage de soudure<\/strong> (avec une utilisation jusqu&#8217;\u00e0 100 amp\u00e8res &#8211; pleine puissance de la machine) <strong>vous permettant de nettoyer les soudures deux fois plus rapidement, ou avec une seule brosse<\/strong> (pour les petits travaux TIG avec un puissance d&#8217;entr\u00e9e maximale de 80 amp.<\/p>\n<p>Il est \u00e9galement possible d&#8217;utiliser 4 brosses simultan\u00e9ment, mais cela ne convient que pour le nettoyage de surface. (pas de nettoyage des soudures)<br \/>\n  &nbsp;<\/p>\n<div class=\"detail__box--header\">\n<h3 data-heading-tag=\"H3\">Caract\u00e9ristiques et sp\u00e9cifications<\/h3>\n<p>    <a href=\"\/wp-content\/uploads\/sites\/27\/2025\/11\/Fury100-2 (3).pdf\n\" target=\"_blank\" rel=\"noopener\"><br \/>\n        T\u00e9l\u00e9chargez la fiche technique au format PDF.<br \/>\n    <\/a><br \/>\n    &nbsp;\n<\/div>\n<div class=\"detail__box--content\">\n<div class=\"detail__box--content--part\">\n<div class=\"row\">\n<div class=\"col-md-6\">\n<table>\n<thead>\n<tr>\n<th style=\"text-align:left;\" data-col-size=\"lg\">Caract\u00e9ristique<\/th>\n<th style=\"text-align:left;\" data-col-size=\"md\">Sp\u00e9cification<\/th>\n<\/tr>\n<\/thead>\n<tbody>\n<tr>\n<td>Poids (machine uniquement)<\/td>\n<td>24kg<\/td>\n<\/tr>\n<tr>\n<td>Poids<\/td>\n<td>60kg<\/td>\n<\/tr>\n<tr>\n<td>Dimensions \/ taille<\/td>\n<td>39cm (W) x 64cm (H &#8211; unit\u00e9 de machine) \/ 116,5cm (H &#8211; avec poign\u00e9e) x 33cm (D)<\/td>\n<\/tr>\n<tr>\n<td>Puissance d&#8217;entr\u00e9e<\/td>\n<td>220-240V AC, 9A &#8211; WELC1044, (110-130V AC,15A &#8211; WELC1045)<\/td>\n<\/tr>\n<tr>\n<td>Puissance de sortie<\/td>\n<td>10-16V AC\/DC, 100A<\/td>\n<\/tr>\n<tr>\n<td>M\u00e9thode de nettoyage de la soudure<\/td>\n<td>\u00c9lectrochimique<\/td>\n<\/tr>\n<tr>\n<td>Application<\/td>\n<td>Nettoyage de soudure, passivation, polissage \u00e9lectrolytique, marquage<\/td>\n<\/tr>\n<tr>\n<td>Type de m\u00e9tal<\/td>\n<td>Acier inoxydable, aluminium<\/td>\n<\/tr>\n<tr>\n<td>Type de soudure<\/td>\n<td>TIG \u2013 clair et sombre, MIG \u2013 clair et sombre (1-10mm)<\/td>\n<\/tr>\n<tr>\n<td>Type de brosse recommand\u00e9 \u00e0 utiliser<\/td>\n<td>Brosse Cougartron FURY 80-200A<\/td>\n<\/tr>\n<tr>\n<td>Quantit\u00e9 maximale de brosses utilis\u00e9es en m\u00eame temps<\/td>\n<td>1 &#8211; 4 (selon le mode de fonctionnement de la machine, les amp\u00e8res et l&#8217;application)<\/td>\n<\/tr>\n<tr>\n<td>Mat\u00e9riel<\/td>\n<td>Bo\u00eetier \u00e9tanche en plastique r\u00e9sistant aux \u00e9claboussures<\/td>\n<\/tr>\n<tr>\n<td>Portable<\/td>\n<td>Oui &#8211; poign\u00e9e de chariot amovible, poign\u00e9es de levage lat\u00e9rales, roues robustes<\/td>\n<\/tr>\n<tr>\n<td>Garantie<\/td>\n<td>2 ans apr\u00e8s l&#8217;enregistrement<\/td>\n<\/tr>\n<\/tbody>\n<\/table>\n<p>                &nbsp;\n            <\/p><\/div>\n<\/p><\/div>\n<\/p><\/div>\n<\/div>\n<div class=\"entry-content-asset videofit\"><iframe loading=\"lazy\" title=\"FURY100 Weld Cleaner | TIG-MIG Weld Cleaning, Electropolishing, and Marking | Demo &amp; Setup\" width=\"720\" height=\"405\" src=\"https:\/\/www.youtube.com\/embed\/Pjcrd0bUZxM?feature=oembed\" frameborder=\"0\" allow=\"accelerometer; autoplay; clipboard-write; encrypted-media; gyroscope; picture-in-picture; web-share\" referrerpolicy=\"strict-origin-when-cross-origin\" allowfullscreen><\/iframe><\/div>\n","protected":false},"excerpt":{"rendered":"<p><strong>FURY 100<\/strong> est un <strong>puissant syst\u00e8me de nettoyage \u00e9lectrolytique des soudures<\/strong> con\u00e7u pour <strong>\u00e9liminer efficacement tous les types de contamination des soudures et des surfaces en acier inoxydable apr\u00e8s le soudage TIG et MIG.<\/strong> La machine peut \u00e9galement \u00eatre utilis\u00e9e pour <strong>l&#8217;\u00e9lectropolissage et le marquage.<\/strong><\/p>\n","protected":false},"featured_media":113449,"comment_status":"closed","ping_status":"closed","template":"","product_brand":[],"product_cat":[990,989],"product_tag":[],"class_list":{"0":"post-120768","1":"product","2":"type-product","3":"status-publish","4":"has-post-thumbnail","6":"product_cat-machines-de-nettoyage-de-sou","7":"product_cat-nettoyage-de-soudure","9":"first","10":"outofstock","11":"taxable","12":"shipping-taxable","13":"product-type-variable","14":"entry","15":"content-bg","16":"loop-entry"},"taxonomy_info":{"product_cat":[{"value":990,"label":"Machines de nettoyage de soudure"},{"value":989,"label":"Nettoyage de soudure"}]},"featured_image_src_large":["https:\/\/cougartron.com\/fr\/wp-content\/uploads\/sites\/27\/2025\/10\/fury100-2-1024x1024.png",1024,1024,true],"author_info":[],"comment_info":0,"_links":{"self":[{"href":"https:\/\/cougartron.com\/fr\/wp-json\/wp\/v2\/product\/120768","targetHints":{"allow":["GET"]}}],"collection":[{"href":"https:\/\/cougartron.com\/fr\/wp-json\/wp\/v2\/product"}],"about":[{"href":"https:\/\/cougartron.com\/fr\/wp-json\/wp\/v2\/types\/product"}],"replies":[{"embeddable":true,"href":"https:\/\/cougartron.com\/fr\/wp-json\/wp\/v2\/comments?post=120768"}],"wp:featuredmedia":[{"embeddable":true,"href":"https:\/\/cougartron.com\/fr\/wp-json\/wp\/v2\/media\/113449"}],"wp:attachment":[{"href":"https:\/\/cougartron.com\/fr\/wp-json\/wp\/v2\/media?parent=120768"}],"wp:term":[{"taxonomy":"product_brand","embeddable":true,"href":"https:\/\/cougartron.com\/fr\/wp-json\/wp\/v2\/product_brand?post=120768"},{"taxonomy":"product_cat","embeddable":true,"href":"https:\/\/cougartron.com\/fr\/wp-json\/wp\/v2\/product_cat?post=120768"},{"taxonomy":"product_tag","embeddable":true,"href":"https:\/\/cougartron.com\/fr\/wp-json\/wp\/v2\/product_tag?post=120768"}],"curies":[{"name":"wp","href":"https:\/\/api.w.org\/{rel}","templated":true}]}}