{"id":121027,"date":"2025-11-24T10:11:09","date_gmt":"2025-11-24T10:11:09","guid":{"rendered":"https:\/\/cougartron.wlwfuture.guru\/pl\/?post_type=product&#038;p=121027"},"modified":"2026-01-03T09:15:19","modified_gmt":"2026-01-03T09:15:19","slug":"szczotka-superbrush","status":"publish","type":"product","link":"https:\/\/cougartron.com\/pl\/produkt\/szczotka-superbrush\/","title":{"rendered":"Szczotka Superbrush (M6, 50A) &#8211; 10 sztuk"},"content":{"rendered":"<p>Cougartron Superbrush to <strong>gruba szczotka do czyszczenia i polerowania spoin<\/strong> przeznaczona do najmocniejszych maszyn do czyszczenia spoin Cougartron.<\/p>\n<p>Z uwagi na swoj\u0105 grubo\u015b\u0107, szczotka jest idealna do <strong>d\u0142u\u017cszych i bardziej utlenionych spoin.<\/strong> Mo\u017ce by\u0107 u\u017cywana przy ustawieniach mocy do 80 A.<\/p>\n<p>Szczotka Hex Superbrush zapewnia szybkie rezultaty czyszczenia spoin z:<\/p>\n<p>&#8211; Cougartron ProPlus przy 30-50 A<\/p>\n<p>&#8211; Cougartron FURY200, FURY100 przy 30-80 A<\/p>\n<p>Superbrush mo\u017cna r\u00f3wnie\u017c \u0142\u0105czy\u0107 z akcesoriami umo\u017cliwiaj\u0105cymi prac\u0119 dw\u00f3ch szczotek jednocze\u015bnie (WELC2006. Dzi\u0119ki nim mo\u017cemy pokry\u0107 wi\u0119ksz\u0105 powierzchni\u0119 i skuteczniej czy\u015bci\u0107 wi\u0119ksze spoiny.<\/p>\n<p>Szczotka sprzedawana w opakowaniach po 10 sztuk.<\/p>\n<div class=\"detail__box--content\">\n<div class=\"detail__box--content--part\">\n<div class=\"row\">\n<div class=\"col-md-6\">\n<table>\n<thead>\n<tr>\n<th style=\"text-align: left;\" colspan=\"2\">FUNKCJE I SPECYFIKACJE<\/th>\n<\/tr>\n<\/thead>\n<tbody>\n<tr>\n<td>Waga<\/td>\n<td>0.155 kg<\/td>\n<\/tr>\n<\/tbody>\n<\/table>\n<p>&nbsp;<\/p>\n<\/div>\n<\/div>\n<\/div>\n<\/div>\n","protected":false},"excerpt":{"rendered":"<p>Gruba szczotka do czyszczenia spoin jest przeznaczona do bardziej wymagaj\u0105cych prac zwi\u0105zanych <strong>z czyszczeniem i polerowaniem spoin<\/strong> przy u\u017cyciu urz\u0105dze\u0144 do czyszczenia spoin Cougartron o wi\u0119kszej mocy: FURY100, FURY200 lub ProPlus. <strong>Najlepiej u\u017cywa\u0107 przy mocy wyj\u015bciowej 30-80 A.<\/strong><\/p>\n","protected":false},"featured_media":101939,"comment_status":"closed","ping_status":"closed","template":"","product_brand":[],"product_cat":[1139],"product_tag":[],"class_list":{"0":"post-121027","1":"product","2":"type-product","3":"status-publish","4":"has-post-thumbnail","6":"product_cat-szczotki-do-czyszczenia-spoi","8":"first","9":"instock","10":"taxable","11":"shipping-taxable","12":"purchasable","13":"product-type-variable","14":"entry","15":"content-bg","16":"loop-entry"},"taxonomy_info":{"product_cat":[{"value":1139,"label":"Szczotki do czyszczenia spoin"}]},"featured_image_src_large":["https:\/\/cougartron.com\/pl\/wp-content\/uploads\/sites\/36\/2025\/09\/SUPERB1.png",337,286,false],"author_info":[],"comment_info":0,"_links":{"self":[{"href":"https:\/\/cougartron.com\/pl\/wp-json\/wp\/v2\/product\/121027","targetHints":{"allow":["GET"]}}],"collection":[{"href":"https:\/\/cougartron.com\/pl\/wp-json\/wp\/v2\/product"}],"about":[{"href":"https:\/\/cougartron.com\/pl\/wp-json\/wp\/v2\/types\/product"}],"replies":[{"embeddable":true,"href":"https:\/\/cougartron.com\/pl\/wp-json\/wp\/v2\/comments?post=121027"}],"wp:featuredmedia":[{"embeddable":true,"href":"https:\/\/cougartron.com\/pl\/wp-json\/wp\/v2\/media\/101939"}],"wp:attachment":[{"href":"https:\/\/cougartron.com\/pl\/wp-json\/wp\/v2\/media?parent=121027"}],"wp:term":[{"taxonomy":"product_brand","embeddable":true,"href":"https:\/\/cougartron.com\/pl\/wp-json\/wp\/v2\/product_brand?post=121027"},{"taxonomy":"product_cat","embeddable":true,"href":"https:\/\/cougartron.com\/pl\/wp-json\/wp\/v2\/product_cat?post=121027"},{"taxonomy":"product_tag","embeddable":true,"href":"https:\/\/cougartron.com\/pl\/wp-json\/wp\/v2\/product_tag?post=121027"}],"curies":[{"name":"wp","href":"https:\/\/api.w.org\/{rel}","templated":true}]}}