{"id":118949,"date":"2025-11-21T04:47:05","date_gmt":"2025-11-21T04:47:05","guid":{"rendered":"https:\/\/cougartron.wlwfuture.guru\/sv\/?post_type=product&#038;p=118949"},"modified":"2025-12-29T13:10:35","modified_gmt":"2025-12-29T13:10:35","slug":"vridande-holje-till-welc2226","status":"publish","type":"product","link":"https:\/\/cougartron.com\/sv\/produkt\/vridande-holje-till-welc2226\/","title":{"rendered":"Vridande h\u00f6lje (till WELC2226 skaft paket)"},"content":{"rendered":"<p>Det vridande h\u00f6ljet monteras p\u00e5 borstskaftet och g\u00f6r det m\u00f6jligt att <strong>exakt styra borstens l\u00e4ngd.<\/strong><\/p>\n<p>Anv\u00e4nd det vridande h\u00f6ljet f\u00f6r att:<\/p>\n<ul>\n<li><strong>F\u00f6rl\u00e4ng betningsborstens livsl\u00e4ngd<\/strong><\/li>\n<\/ul>\n<ul>\n<li><strong>Uppn\u00e5 b\u00e4ttre v\u00e4rmetolerans (klarar upp till <\/strong>327 \u00b0C (620 F)<\/li>\n<\/ul>\n<ul>\n<li><strong>Exakt justering av borstens l\u00e4ngd &#8211; endast borstens spets ska vara synlig och anv\u00e4ndas vid betnings- och polerarbeten.<\/strong><\/li>\n<\/ul>\n<p>Det vridande h\u00f6ljet f\u00f6r enkelborste \u00e4r <strong>kompatibel med:<\/strong><\/p>\n<ul>\n<li><strong>Cougartron skaft som passar vridande h\u00f6lje &#8211; WELC2235<\/strong><\/li>\n<\/ul>\n<p>Om den \u00e4r skadad \u2013 byt omedelbart ut.<\/p>\n<p>Bl\u00e4ddra ned\u00e5t f\u00f6r att se hela demonstrationsvideon.<br \/>\n&nbsp;<\/p>\n<div class=\"detail__box--header\">\n<h3 data-heading-tag=\"H3\">FUNKTIONER OCH SPECIFIKATIONER<\/h3>\n<p>    &nbsp;\n<\/p><\/div>\n<div class=\"detail__box--content\">\n<div class=\"detail__box--content--part\">\n<div class=\"row\">\n<div class=\"col-md-6\">\n<table>\n<thead>\n<tr>\n<th style=\"text-align: left;\" data-col-size=\"lg\">Funktion<\/th>\n<th style=\"text-align: left;\" data-col-size=\"md\">Specifikation<\/th>\n<\/tr>\n<\/thead>\n<tbody>\n<tr>\n<td data-col-size=\"lg\">Vikt<\/td>\n<td data-col-size=\"md\">0.023 kg<\/td>\n<\/tr>\n<tr>\n<td data-col-size=\"lg\">Kompatibla tillbeh\u00f6r<\/td>\n<td data-col-size=\"md\">WELC2235 &#8211; Cougartron Skaft som passar vridande h\u00f6lje<\/td>\n<\/tr>\n<\/tbody>\n<\/table>\n<p>                &nbsp;\n            <\/p><\/div>\n<\/p><\/div>\n<\/p><\/div>\n<\/div>\n<div class=\"entry-content-asset videofit\"><iframe loading=\"lazy\" title=\"Cougartron wand with twisting shroud for single brush\" width=\"720\" height=\"405\" src=\"https:\/\/www.youtube.com\/embed\/cGt9yvBEfic?feature=oembed\" frameborder=\"0\" allow=\"accelerometer; autoplay; clipboard-write; encrypted-media; gyroscope; picture-in-picture; web-share\" referrerpolicy=\"strict-origin-when-cross-origin\" allowfullscreen><\/iframe><\/div>\n","protected":false},"excerpt":{"rendered":"<p>Det vridbara h\u00f6ljet \u00e4r monterat p\u00e5 borstskaftet och <strong>styr borstens l\u00e4ngd<\/strong>.<\/p>\n","protected":false},"featured_media":101985,"comment_status":"closed","ping_status":"closed","template":"","product_brand":[],"product_cat":[1002],"product_tag":[],"class_list":{"0":"post-118949","1":"product","2":"type-product","3":"status-publish","4":"has-post-thumbnail","6":"product_cat-tillbehor-for-borstar-for-be","8":"first","9":"instock","10":"featured","11":"taxable","12":"shipping-taxable","13":"purchasable","14":"product-type-simple","15":"entry","16":"content-bg","17":"loop-entry"},"taxonomy_info":{"product_cat":[{"value":1002,"label":"Tillbeh\u00f6r f\u00f6r borstar f\u00f6r betning"}]},"featured_image_src_large":["https:\/\/cougartron.com\/sv\/wp-content\/uploads\/sites\/20\/2025\/09\/Main-6-1.png",955,811,false],"author_info":[],"comment_info":0,"_links":{"self":[{"href":"https:\/\/cougartron.com\/sv\/wp-json\/wp\/v2\/product\/118949","targetHints":{"allow":["GET"]}}],"collection":[{"href":"https:\/\/cougartron.com\/sv\/wp-json\/wp\/v2\/product"}],"about":[{"href":"https:\/\/cougartron.com\/sv\/wp-json\/wp\/v2\/types\/product"}],"replies":[{"embeddable":true,"href":"https:\/\/cougartron.com\/sv\/wp-json\/wp\/v2\/comments?post=118949"}],"wp:featuredmedia":[{"embeddable":true,"href":"https:\/\/cougartron.com\/sv\/wp-json\/wp\/v2\/media\/101985"}],"wp:attachment":[{"href":"https:\/\/cougartron.com\/sv\/wp-json\/wp\/v2\/media?parent=118949"}],"wp:term":[{"taxonomy":"product_brand","embeddable":true,"href":"https:\/\/cougartron.com\/sv\/wp-json\/wp\/v2\/product_brand?post=118949"},{"taxonomy":"product_cat","embeddable":true,"href":"https:\/\/cougartron.com\/sv\/wp-json\/wp\/v2\/product_cat?post=118949"},{"taxonomy":"product_tag","embeddable":true,"href":"https:\/\/cougartron.com\/sv\/wp-json\/wp\/v2\/product_tag?post=118949"}],"curies":[{"name":"wp","href":"https:\/\/api.w.org\/{rel}","templated":true}]}}